{"id":85,"date":"2020-02-06T09:06:00","date_gmt":"2020-02-06T09:06:00","guid":{"rendered":"https:\/\/litho.themezaa.com\/?page_id=85"},"modified":"2023-06-04T14:56:22","modified_gmt":"2023-06-04T12:56:22","slug":"o-nas","status":"publish","type":"page","link":"https:\/\/luxury.seveeu.com\/index.php\/o-nas\/","title":{"rendered":"O nas"},"content":{"rendered":"\t\t<div data-elementor-type=\"wp-page\" data-elementor-id=\"85\" class=\"elementor elementor-85\">\n\t\t\t\t\t\t<section class=\"elementor-section elementor-top-section elementor-element elementor-element-d217efe elementor-section-height-min-height elementor-section-content-middle elementor-section-boxed elementor-section-height-default elementor-section-items-middle\" data-id=\"d217efe\" data-element_type=\"section\" data-settings=\"{&quot;background_background&quot;:&quot;classic&quot;}\">\n\t\t\t\t\t\t<div class=\"elementor-container elementor-column-gap-default\">\n\t\t\t\t\t<div class=\" elementor-column elementor-col-50 elementor-top-column elementor-element elementor-element-065bac0 elementor-hidden-phone\" data-fullscreen-column-settings=\"{&quot;fullscreen&quot;:&quot;&quot;}\" data-id=\"065bac0\" data-element_type=\"column\">\n\t\t\t<div class=\"elementor-widget-wrap elementor-element-populated\">\n\t\t\t\t\t\t<div class=\"elementor-element elementor-element-ccfa01f elementor-widget-mobile__width-inherit elementor-widget elementor-widget-litho-heading\" data-id=\"ccfa01f\" data-element_type=\"widget\" data-widget_type=\"litho-heading.default\">\n\t\t\t\t<div class=\"elementor-widget-container\">\n\t\t\t\t\t<h2 class=\"litho-heading elementor-size-default\"><span class=\"litho-primary-title\">O nas<\/span><\/h2>\t\t\t\t<\/div>\n\t\t\t\t<\/div>\n\t\t\t\t\t<\/div>\n\t\t<\/div>\n\t\t\t\t<div class=\" elementor-column elementor-col-50 elementor-top-column elementor-element elementor-element-56fc6fb\" data-fullscreen-column-settings=\"{&quot;fullscreen&quot;:&quot;&quot;}\" data-id=\"56fc6fb\" data-element_type=\"column\">\n\t\t\t<div class=\"elementor-widget-wrap\">\n\t\t\t\t\t\t\t<\/div>\n\t\t<\/div>\n\t\t\t\t\t<\/div>\n\t\t<\/section>\n\t\t\t\t<section class=\"elementor-section elementor-top-section elementor-element elementor-element-4cbcf519 elementor-section-content-middle elementor-section-boxed elementor-section-height-default elementor-section-height-default\" data-id=\"4cbcf519\" data-element_type=\"section\" data-settings=\"{&quot;background_background&quot;:&quot;classic&quot;}\">\n\t\t\t\t\t\t<div class=\"elementor-container elementor-column-gap-default\">\n\t\t\t\t\t<div class=\" elementor-column elementor-col-25 elementor-top-column elementor-element elementor-element-78989be9 elementor-hidden-tablet elementor-hidden-phone\" data-fullscreen-column-settings=\"{&quot;fullscreen&quot;:&quot;&quot;}\" data-id=\"78989be9\" data-element_type=\"column\">\n\t\t\t<div class=\"elementor-widget-wrap\">\n\t\t\t\t\t\t\t<\/div>\n\t\t<\/div>\n\t\t\t\t<div class=\" elementor-column elementor-col-25 elementor-top-column elementor-element elementor-element-4a46e742 elementor-invisible\" data-fullscreen-column-settings=\"{&quot;fullscreen&quot;:&quot;&quot;}\" data-id=\"4a46e742\" data-element_type=\"column\" data-settings=\"{&quot;animation&quot;:&quot;fadeIn&quot;,&quot;animation_delay&quot;:100}\">\n\t\t\t<div class=\"elementor-widget-wrap elementor-element-populated\">\n\t\t\t\t\t\t<div class=\"elementor-element elementor-element-2b76f286 elementor-widget elementor-widget-litho-heading\" data-id=\"2b76f286\" data-element_type=\"widget\" data-widget_type=\"litho-heading.default\">\n\t\t\t\t<div class=\"elementor-widget-container\">\n\t\t\t\t\t<h4 class=\"litho-heading elementor-size-default\"><span class=\"litho-primary-title\">Wypo\u017cyczalnia<br>Luxury Car Seveeu<\/span><\/h4>\t\t\t\t<\/div>\n\t\t\t\t<\/div>\n\t\t\t\t\t<\/div>\n\t\t<\/div>\n\t\t\t\t<div class=\" elementor-column elementor-col-25 elementor-top-column elementor-element elementor-element-3d7e8546 elementor-hidden-tablet elementor-hidden-phone\" data-fullscreen-column-settings=\"{&quot;fullscreen&quot;:&quot;&quot;}\" data-id=\"3d7e8546\" data-element_type=\"column\">\n\t\t\t<div class=\"elementor-widget-wrap\">\n\t\t\t\t\t\t\t<\/div>\n\t\t<\/div>\n\t\t\t\t<div class=\" elementor-column elementor-col-25 elementor-top-column elementor-element elementor-element-1068f2a3 elementor-invisible\" data-fullscreen-column-settings=\"{&quot;fullscreen&quot;:&quot;&quot;}\" data-id=\"1068f2a3\" data-element_type=\"column\" data-settings=\"{&quot;animation&quot;:&quot;fadeIn&quot;,&quot;animation_delay&quot;:200}\">\n\t\t\t<div class=\"elementor-widget-wrap elementor-element-populated\">\n\t\t\t\t\t\t<div class=\"elementor-element elementor-element-26c902d8 elementor-widget__width-initial elementor-widget-tablet__width-initial elementor-widget elementor-widget-text-editor\" data-id=\"26c902d8\" data-element_type=\"widget\" data-widget_type=\"text-editor.default\">\n\t\t\t\t<div class=\"elementor-widget-container\">\n\t\t\t\t\t\t\t\t\t<p>Oferujemy niezapomniane wra\u017cenia z jazdy najbardziej presti\u017cowym i eleganckim samochodem na rynku. Mercedes\u00a0Maybach\u00a0jest odzwierciedleniem luksusu w najczystszej postaci.<\/p>\t\t\t\t\t\t\t\t<\/div>\n\t\t\t\t<\/div>\n\t\t\t\t\t<\/div>\n\t\t<\/div>\n\t\t\t\t\t<\/div>\n\t\t<\/section>\n\t\t\t\t<section class=\"elementor-section elementor-top-section elementor-element elementor-element-20edd38e elementor-section-full_width elementor-section-height-default elementor-section-height-default\" data-id=\"20edd38e\" data-element_type=\"section\">\n\t\t\t\t\t\t<div class=\"elementor-container elementor-column-gap-default\">\n\t\t\t\t\t<div class=\" elementor-column elementor-col-50 elementor-top-column elementor-element elementor-element-6567c1 elementor-invisible\" data-fullscreen-column-settings=\"{&quot;fullscreen&quot;:&quot;&quot;}\" data-id=\"6567c1\" data-element_type=\"column\" data-settings=\"{&quot;background_background&quot;:&quot;classic&quot;,&quot;animation&quot;:&quot;fadeIn&quot;,&quot;animation_delay&quot;:100}\">\n\t\t\t<div class=\"elementor-widget-wrap elementor-element-populated\">\n\t\t\t\t\t\t<section class=\"elementor-section elementor-inner-section elementor-element elementor-element-315767c2 elementor-section-boxed elementor-section-height-default elementor-section-height-default\" data-id=\"315767c2\" data-element_type=\"section\">\n\t\t\t\t\t\t<div class=\"elementor-container elementor-column-gap-default\">\n\t\t\t\t\t<div class=\" elementor-column elementor-col-100 elementor-inner-column elementor-element elementor-element-3d535483 elementor-invisible\" data-fullscreen-column-settings=\"{&quot;fullscreen&quot;:&quot;&quot;}\" data-id=\"3d535483\" data-element_type=\"column\" data-settings=\"{&quot;animation&quot;:&quot;fadeIn&quot;}\">\n\t\t\t<div class=\"elementor-widget-wrap elementor-element-populated\">\n\t\t\t\t\t\t<div class=\"elementor-element elementor-element-61818d2e elementor-absolute elementor-widget-tablet__width-initial elementor-hidden-phone elementor-widget__width-auto elementor-invisible elementor-widget elementor-widget-image\" data-id=\"61818d2e\" data-element_type=\"widget\" data-settings=\"{&quot;_position&quot;:&quot;absolute&quot;,&quot;_animation&quot;:&quot;fadeIn&quot;}\" data-widget_type=\"image.default\">\n\t\t\t\t<div class=\"elementor-widget-container\">\n\t\t\t\t\t\t\t\t\t\t\t\t\t\t\t<img decoding=\"async\" width=\"150\" height=\"109\" src=\"https:\/\/luxury.seveeu.com\/wp-content\/uploads\/2020\/11\/Logo1-Logo-Img-1.png\" class=\"attachment-full size-full wp-image-75763\" alt=\"\" \/>\t\t\t\t\t\t\t\t\t\t\t\t\t\t\t<\/div>\n\t\t\t\t<\/div>\n\t\t\t\t\t<\/div>\n\t\t<\/div>\n\t\t\t\t\t<\/div>\n\t\t<\/section>\n\t\t\t\t\t<\/div>\n\t\t<\/div>\n\t\t\t\t<div class=\" elementor-column elementor-col-50 elementor-top-column elementor-element elementor-element-4dc6849a elementor-invisible\" data-fullscreen-column-settings=\"{&quot;fullscreen&quot;:&quot;&quot;}\" data-id=\"4dc6849a\" data-element_type=\"column\" data-settings=\"{&quot;background_background&quot;:&quot;gradient&quot;,&quot;animation&quot;:&quot;fadeIn&quot;}\">\n\t\t\t<div class=\"elementor-widget-wrap elementor-element-populated\">\n\t\t\t\t\t\t<div class=\"elementor-element elementor-element-20b59859 elementor-widget-mobile__width-inherit elementor-invisible elementor-widget elementor-widget-litho-heading\" data-id=\"20b59859\" data-element_type=\"widget\" data-settings=\"{&quot;_animation&quot;:&quot;fadeIn&quot;}\" data-widget_type=\"litho-heading.default\">\n\t\t\t\t<div class=\"elementor-widget-container\">\n\t\t\t\t\t<span class=\"litho-heading elementor-size-default\"><span class=\"litho-primary-title\">SEVEEU LUXURY CAR  WARSZAWA\n<\/span><\/span>\t\t\t\t<\/div>\n\t\t\t\t<\/div>\n\t\t\t\t<div class=\"elementor-element elementor-element-30f67717 elementor-widget__width-initial elementor-widget-mobile__width-inherit elementor-invisible elementor-widget elementor-widget-litho-heading\" data-id=\"30f67717\" data-element_type=\"widget\" data-settings=\"{&quot;_animation&quot;:&quot;fadeIn&quot;,&quot;_animation_delay&quot;:200}\" data-widget_type=\"litho-heading.default\">\n\t\t\t\t<div class=\"elementor-widget-container\">\n\t\t\t\t\t<h4 class=\"litho-heading elementor-size-default\"><span class=\"litho-primary-title\">Luksus i presti\u017c<\/span><\/h4>\t\t\t\t<\/div>\n\t\t\t\t<\/div>\n\t\t\t\t<div class=\"elementor-element elementor-element-4f27379a elementor-widget__width-initial elementor-widget-tablet__width-initial elementor-widget-mobile__width-inherit elementor-invisible elementor-widget elementor-widget-text-editor\" data-id=\"4f27379a\" data-element_type=\"widget\" data-settings=\"{&quot;_animation&quot;:&quot;fadeIn&quot;,&quot;_animation_delay&quot;:400}\" data-widget_type=\"text-editor.default\">\n\t\t\t\t<div class=\"elementor-widget-container\">\n\t\t\t\t\t\t\t\t\t<p>Je\u015bli szukasz luksusowego i komfortowego samochodu, kt\u00f3ry spe\u0142ni wszystkie Twoje oczekiwania, rozwa\u017c wynajem Mercedes Maybach S 580. To niezwyk\u0142a limuzyna, kt\u00f3ra oferuje najwy\u017cszy poziom wyposa\u017cenia i bezpiecze\u0144stwa. Samoch\u00f3d jest dost\u0119pny tylko z kierowc\u0105, kt\u00f3ry zadba o Tw\u00f3j komfort i spok\u00f3j podczas podr\u00f3\u017cy. Cena wynajmu Mercedes Maybach S 580 zale\u017cy od czasu i miejsca wynajmu, ale zaczyna si\u0119 od 1000 z\u0142 brutto za godzin\u0119. To idealny wyb\u00f3r na wyj\u0105tkowe okazje, takie jak \u015blub, urodziny czy spotkanie biznesowe. Zapraszamy do skorzystania z naszej oferty i poczucia prawdziwej mocy i elegancji.<\/p>\t\t\t\t\t\t\t\t<\/div>\n\t\t\t\t<\/div>\n\t\t\t\t\t<\/div>\n\t\t<\/div>\n\t\t\t\t\t<\/div>\n\t\t<\/section>\n\t\t\t\t<section class=\"elementor-section elementor-top-section elementor-element elementor-element-78f845b2 elementor-section-boxed elementor-section-height-default elementor-section-height-default\" data-id=\"78f845b2\" data-element_type=\"section\" data-settings=\"{&quot;background_background&quot;:&quot;classic&quot;}\">\n\t\t\t\t\t\t<div class=\"elementor-container elementor-column-gap-default\">\n\t\t\t\t\t<div class=\" elementor-column elementor-col-12 elementor-top-column elementor-element elementor-element-34d5c5c9 elementor-hidden-phone\" data-fullscreen-column-settings=\"{&quot;fullscreen&quot;:&quot;&quot;}\" data-id=\"34d5c5c9\" data-element_type=\"column\">\n\t\t\t<div class=\"elementor-widget-wrap\">\n\t\t\t\t\t\t\t<\/div>\n\t\t<\/div>\n\t\t\t\t<div class=\" elementor-column elementor-col-12 elementor-top-column elementor-element elementor-element-6c39b6dd elementor-invisible\" data-fullscreen-column-settings=\"{&quot;fullscreen&quot;:&quot;&quot;}\" data-id=\"6c39b6dd\" data-element_type=\"column\" data-settings=\"{&quot;animation&quot;:&quot;fadeIn&quot;,&quot;animation_delay&quot;:100}\">\n\t\t\t<div class=\"elementor-widget-wrap elementor-element-populated\">\n\t\t\t\t\t\t<div class=\"elementor-element elementor-element-66ae5ebc elementor-widget elementor-widget-litho-vertical-counter\" data-id=\"66ae5ebc\" data-element_type=\"widget\" data-widget_type=\"litho-vertical-counter.default\">\n\t\t\t\t<div class=\"elementor-widget-container\">\n\t\t\t\t\t\t\t\t<div class=\"vertical-counter-wrapper\">\n\t\t\t\t\t\t\t\t<div class=\"vertical-counter d-inline-flex\" data-value=\"35\"><\/div>\n\t\t\t\t\t\t\t\t\t<span class=\"number-suffix\">+<\/span>\n\t\t\t\t\t\t\t\t\t\t\t\t\t<span class=\"title\">\n\t\t\t\t\t\t\t\t\t\t\t\tLAT DO\u015aWIADCZENIA<\/span>\n\t\t\t\t\t\t\t<\/div>\n\t\t\t\t\t\t\t<\/div>\n\t\t\t\t<\/div>\n\t\t\t\t\t<\/div>\n\t\t<\/div>\n\t\t\t\t<div class=\" elementor-column elementor-col-12 elementor-top-column elementor-element elementor-element-304ba4d1 elementor-hidden-phone\" data-fullscreen-column-settings=\"{&quot;fullscreen&quot;:&quot;&quot;}\" data-id=\"304ba4d1\" data-element_type=\"column\">\n\t\t\t<div class=\"elementor-widget-wrap\">\n\t\t\t\t\t\t\t<\/div>\n\t\t<\/div>\n\t\t\t\t<div class=\" elementor-column elementor-col-12 elementor-top-column elementor-element elementor-element-2a2bcefe elementor-invisible\" data-fullscreen-column-settings=\"{&quot;fullscreen&quot;:&quot;&quot;}\" data-id=\"2a2bcefe\" data-element_type=\"column\" data-settings=\"{&quot;animation&quot;:&quot;fadeIn&quot;,&quot;animation_delay&quot;:200}\">\n\t\t\t<div class=\"elementor-widget-wrap elementor-element-populated\">\n\t\t\t\t\t\t<div class=\"elementor-element elementor-element-64c112f elementor-widget elementor-widget-litho-vertical-counter\" data-id=\"64c112f\" data-element_type=\"widget\" data-widget_type=\"litho-vertical-counter.default\">\n\t\t\t\t<div class=\"elementor-widget-container\">\n\t\t\t\t\t\t\t\t<div class=\"vertical-counter-wrapper\">\n\t\t\t\t\t\t\t\t<div class=\"vertical-counter d-inline-flex\" data-value=\"1354\"><\/div>\n\t\t\t\t\t\t\t\t\t<span class=\"number-suffix\">+<\/span>\n\t\t\t\t\t\t\t\t\t\t\t\t\t<span class=\"title\">\n\t\t\t\t\t\t\t\t\t\t\t\tZADOWOLONYCH KLIENT\u00d3W<\/span>\n\t\t\t\t\t\t\t<\/div>\n\t\t\t\t\t\t\t<\/div>\n\t\t\t\t<\/div>\n\t\t\t\t\t<\/div>\n\t\t<\/div>\n\t\t\t\t<div class=\" elementor-column elementor-col-12 elementor-top-column elementor-element elementor-element-7516182 elementor-hidden-phone\" data-fullscreen-column-settings=\"{&quot;fullscreen&quot;:&quot;&quot;}\" data-id=\"7516182\" data-element_type=\"column\">\n\t\t\t<div class=\"elementor-widget-wrap\">\n\t\t\t\t\t\t\t<\/div>\n\t\t<\/div>\n\t\t\t\t<div class=\" elementor-column elementor-col-12 elementor-top-column elementor-element elementor-element-a99f613 elementor-invisible\" data-fullscreen-column-settings=\"{&quot;fullscreen&quot;:&quot;&quot;}\" data-id=\"a99f613\" data-element_type=\"column\" data-settings=\"{&quot;animation&quot;:&quot;fadeIn&quot;,&quot;animation_delay&quot;:300}\">\n\t\t\t<div class=\"elementor-widget-wrap elementor-element-populated\">\n\t\t\t\t\t\t<div class=\"elementor-element elementor-element-46f90242 elementor-widget elementor-widget-litho-vertical-counter\" data-id=\"46f90242\" data-element_type=\"widget\" data-widget_type=\"litho-vertical-counter.default\">\n\t\t\t\t<div class=\"elementor-widget-container\">\n\t\t\t\t\t\t\t\t<div class=\"vertical-counter-wrapper\">\n\t\t\t\t\t\t\t\t<div class=\"vertical-counter d-inline-flex\" data-value=\"41\"><\/div>\n\t\t\t\t\t\t\t\t\t<span class=\"number-suffix\">+<\/span>\n\t\t\t\t\t\t\t\t\t\t\t\t\t<span class=\"title\">\n\t\t\t\t\t\t\t\t\t\t\t\tUROCZYSTO\u015aCI \u015aLUBNYCH<\/span>\n\t\t\t\t\t\t\t<\/div>\n\t\t\t\t\t\t\t<\/div>\n\t\t\t\t<\/div>\n\t\t\t\t\t<\/div>\n\t\t<\/div>\n\t\t\t\t<div class=\" elementor-column elementor-col-12 elementor-top-column elementor-element elementor-element-798b697a elementor-hidden-phone\" data-fullscreen-column-settings=\"{&quot;fullscreen&quot;:&quot;&quot;}\" data-id=\"798b697a\" data-element_type=\"column\">\n\t\t\t<div class=\"elementor-widget-wrap\">\n\t\t\t\t\t\t\t<\/div>\n\t\t<\/div>\n\t\t\t\t<div class=\" elementor-column elementor-col-12 elementor-top-column elementor-element elementor-element-67b53e9e elementor-invisible\" data-fullscreen-column-settings=\"{&quot;fullscreen&quot;:&quot;&quot;}\" data-id=\"67b53e9e\" data-element_type=\"column\" data-settings=\"{&quot;animation&quot;:&quot;fadeIn&quot;,&quot;animation_delay&quot;:400}\">\n\t\t\t<div class=\"elementor-widget-wrap elementor-element-populated\">\n\t\t\t\t\t\t<div class=\"elementor-element elementor-element-25e1fcc4 elementor-widget elementor-widget-litho-vertical-counter\" data-id=\"25e1fcc4\" data-element_type=\"widget\" data-widget_type=\"litho-vertical-counter.default\">\n\t\t\t\t<div class=\"elementor-widget-container\">\n\t\t\t\t\t\t\t\t<div class=\"vertical-counter-wrapper\">\n\t\t\t\t\t\t\t\t<div class=\"vertical-counter d-inline-flex\" data-value=\"17\"><\/div>\n\t\t\t\t\t\t\t\t\t<span class=\"number-suffix\">+<\/span>\n\t\t\t\t\t\t\t\t\t\t\t\t\t<span class=\"title\">\n\t\t\t\t\t\t\t\t\t\t\t\tSESJI ZDJ\u0118CIOWYCH<\/span>\n\t\t\t\t\t\t\t<\/div>\n\t\t\t\t\t\t\t<\/div>\n\t\t\t\t<\/div>\n\t\t\t\t\t<\/div>\n\t\t<\/div>\n\t\t\t\t\t<\/div>\n\t\t<\/section>\n\t\t\t\t<\/div>\n\t\t","protected":false},"excerpt":{"rendered":"<p>O nas Wypo yczalniaLuxury Car Seveeu Oferujemy niezapomniane wra enia z jazdy najbardziej presti owym i eleganckim samochodem na rynku. Mercedes Maybach jest odzwierciedleniem luksusu w najczystszej postaci. SEVEEU LUXURY CAR WARSZAWA Luksus i presti Je li szukasz luksusowego i komfortowego samochodu, kt ry spe ni wszystkie Twoje oczekiwania, rozwa wynajem Mercedes Maybach S 580. [&hellip;]<\/p>\n","protected":false},"author":1,"featured_media":0,"parent":0,"menu_order":7,"comment_status":"closed","ping_status":"closed","template":"","meta":{"footnotes":""},"class_list":["post-85","page","type-page","status-publish","hentry"],"_links":{"self":[{"href":"https:\/\/luxury.seveeu.com\/index.php\/wp-json\/wp\/v2\/pages\/85","targetHints":{"allow":["GET"]}}],"collection":[{"href":"https:\/\/luxury.seveeu.com\/index.php\/wp-json\/wp\/v2\/pages"}],"about":[{"href":"https:\/\/luxury.seveeu.com\/index.php\/wp-json\/wp\/v2\/types\/page"}],"author":[{"embeddable":true,"href":"https:\/\/luxury.seveeu.com\/index.php\/wp-json\/wp\/v2\/users\/1"}],"replies":[{"embeddable":true,"href":"https:\/\/luxury.seveeu.com\/index.php\/wp-json\/wp\/v2\/comments?post=85"}],"version-history":[{"count":0,"href":"https:\/\/luxury.seveeu.com\/index.php\/wp-json\/wp\/v2\/pages\/85\/revisions"}],"wp:attachment":[{"href":"https:\/\/luxury.seveeu.com\/index.php\/wp-json\/wp\/v2\/media?parent=85"}],"curies":[{"name":"wp","href":"https:\/\/api.w.org\/{rel}","templated":true}]}}